{"id":1335,"date":"2019-03-14T10:55:40","date_gmt":"2019-03-14T10:55:40","guid":{"rendered":"https:\/\/senaiplaw.com\/?page_id=1335"},"modified":"2021-01-19T11:28:36","modified_gmt":"2021-01-19T11:28:36","slug":"giancarlo-del-corno","status":"publish","type":"page","link":"https:\/\/senaiplaw.com\/fr\/gli-avvocati\/giancarlo-del-corno\/","title":{"rendered":"Giancarlo Del Corno"},"content":{"rendered":"<p>[et_pb_section fb_built=\u00a0\u00bb1&Prime; admin_label=\u00a0\u00bbWhy Choose Us Section\u00a0\u00bb _builder_version=\u00a0\u00bb3.22&Prime; background_color=\u00a0\u00bb#63262e\u00a0\u00bb custom_padding=\u00a0\u00bb0px||0px|\u00a0\u00bb][et_pb_row make_equal=\u00a0\u00bbon\u00a0\u00bb admin_label=\u00a0\u00bbWhy Choose Us Area\u00a0\u00bb _builder_version=\u00a0\u00bb3.25&Prime; width=\u00a0\u00bb100%\u00a0\u00bb max_width=\u00a0\u00bb100%\u00a0\u00bb custom_margin=\u00a0\u00bb|||\u00a0\u00bb custom_padding=\u00a0\u00bb0px|0px|0px|\u00a0\u00bb use_custom_width=\u00a0\u00bbon\u00a0\u00bb width_unit=\u00a0\u00bboff\u00a0\u00bb custom_width_percent=\u00a0\u00bb100%\u00a0\u00bb column_structure=\u00a0\u00bb1_2,1_2&Prime;][et_pb_column type=\u00a0\u00bb1_2&Prime; _builder_version=\u00a0\u00bb3.25&Prime; background_image=\u00a0\u00bbhttps:\/\/senaiplaw.com\/wp-content\/uploads\/2019\/01\/Del-Corno-Sena-e-Tarchini3467.jpg\u00a0\u00bb background_position=\u00a0\u00bbtop_center\u00a0\u00bb custom_padding=\u00a0\u00bb|||\u00a0\u00bb custom_padding__hover=\u00a0\u00bb|||\u00a0\u00bb][\/et_pb_column][et_pb_column type=\u00a0\u00bb1_2&Prime; _builder_version=\u00a0\u00bb3.25&Prime; custom_padding=\u00a0\u00bb80px|5%|80px|\u00a0\u00bb custom_padding_tablet=\u00a0\u00bb|10%||10%\u00a0\u00bb custom_padding_last_edited=\u00a0\u00bbon|tablet\u00a0\u00bb custom_padding__hover=\u00a0\u00bb|||\u00a0\u00bb][et_pb_text admin_label=\u00a0\u00bbTitle\u00a0\u00bb _builder_version=\u00a0\u00bb4.8.1&Prime; header_2_font=\u00a0\u00bbPrata||||||||\u00a0\u00bb header_2_font_size=\u00a0\u00bb48px\u00a0\u00bb header_2_line_height=\u00a0\u00bb1.6em\u00a0\u00bb background_layout=\u00a0\u00bbdark\u00a0\u00bb custom_margin=\u00a0\u00bb||10px|\u00a0\u00bb animation_style=\u00a0\u00bbslide\u00a0\u00bb animation_direction=\u00a0\u00bbright\u00a0\u00bb animation_intensity_slide=\u00a0\u00bb5%\u00a0\u00bb animation_starting_opacity=\u00a0\u00bb100%\u00a0\u00bb hover_enabled=\u00a0\u00bb0&Prime; header_2_font_size_tablet=\u00a0\u00bb40px\u00a0\u00bb header_2_font_size_phone=\u00a0\u00bb\u00a0\u00bb header_2_font_size_last_edited=\u00a0\u00bbon|tablet\u00a0\u00bb locked=\u00a0\u00bboff\u00a0\u00bb link_text_color=\u00a0\u00bb#E8EBEC\u00a0\u00bb sticky_enabled=\u00a0\u00bb0&Prime;]<\/p>\n<h1 class=\"title\">Avv. Giancarlo Del Corno<\/h1>\n<h5>Partner<\/h5>\n<p><a href=\"mailto:gdelcorno@senaiplaw.com\" target=\"_blank\" rel=\"noopener\">gdelcorno@senaiplaw.com<\/a><\/p>\n<p>[\/et_pb_text][et_pb_divider color=\u00a0\u00bb#b57d88&Prime; divider_position=\u00a0\u00bbcenter\u00a0\u00bb divider_weight=\u00a0\u00bb2px\u00a0\u00bb _builder_version=\u00a0\u00bb3.19.4&Prime; max_width=\u00a0\u00bb70px\u00a0\u00bb custom_margin=\u00a0\u00bb||35px|\u00a0\u00bb animation_style=\u00a0\u00bbslide\u00a0\u00bb animation_direction=\u00a0\u00bbright\u00a0\u00bb animation_intensity_slide=\u00a0\u00bb5%\u00a0\u00bb animation_starting_opacity=\u00a0\u00bb100%\u00a0\u00bb saved_tabs=\u00a0\u00bball\u00a0\u00bb locked=\u00a0\u00bboff\u00a0\u00bb][\/et_pb_divider][et_pb_image src=\u00a0\u00bbhttps:\/\/senaiplaw.com\/wp-content\/uploads\/2019\/01\/Del-Corno-Sena-e-Tarchini3467.jpg\u00a0\u00bb show_bottom_space=\u00a0\u00bboff\u00a0\u00bb force_fullwidth=\u00a0\u00bbon\u00a0\u00bb align_tablet=\u00a0\u00bbcenter\u00a0\u00bb align_last_edited=\u00a0\u00bbon|desktop\u00a0\u00bb disabled_on=\u00a0\u00bb||on\u00a0\u00bb _builder_version=\u00a0\u00bb3.23&Prime; custom_margin=\u00a0\u00bb||30px|\u00a0\u00bb][\/et_pb_image][et_pb_text module_id=\u00a0\u00bbprofiloAvv\u00a0\u00bb _builder_version=\u00a0\u00bb3.27.4&Prime; text_line_height=\u00a0\u00bb1.8em\u00a0\u00bb header_3_font=\u00a0\u00bbRoboto Slab||||||||\u00a0\u00bb header_3_line_height=\u00a0\u00bb1.4em\u00a0\u00bb background_layout=\u00a0\u00bbdark\u00a0\u00bb custom_margin=\u00a0\u00bb|||\u00a0\u00bb animation_style=\u00a0\u00bbslide\u00a0\u00bb animation_direction=\u00a0\u00bbright\u00a0\u00bb animation_intensity_slide=\u00a0\u00bb5%\u00a0\u00bb animation_starting_opacity=\u00a0\u00bb100%\u00a0\u00bb]<\/p>\n<p>Dipl\u00f4m\u00e9 en 1985 \u00e0 l&rsquo;Universit\u00e9 de Milan.<\/p>\n<p>Il a rejoint le Studio Legale Sena e Tarchini en 1985. Il est inscrit au Barreau de Milan depuis 1991 et habilit\u00e9 \u00e0 plaider devant la Cour de Cassation depuis 2004.<\/p>\n<p>De 1985 \u00e0 2005 Expert en Droit Industriel \u00e0 l&rsquo;Universit\u00e9 de Milan, Chaire de Droit Industriel.<\/p>\n<p>Auteur de plusieurs publications.<\/p>\n<p>Membre de la LIDC (Ligue Internationale du Droit de la Concurrence), AIPPI (Association Internationale pour la Protection de la Propri\u00e9t\u00e9 Intellectuelle) et INDICAM (Institut Centromarca pour la lutte contre la contrefa\u00e7on).<br \/>Rapporteur lors de congr\u00e8s nationaux et internationaux.<\/p>\n<p>Langues de travail: italien et anglais.<\/p>\n<p>[\/et_pb_text][\/et_pb_column][\/et_pb_row][\/et_pb_section][et_pb_section fb_built=\u00a0\u00bb1&Prime; module_id=\u00a0\u00bblistaAvvocati\u00a0\u00bb _builder_version=\u00a0\u00bb3.20.1&Prime; global_module=\u00a0\u00bb1323&Prime;][et_pb_row admin_label=\u00a0\u00bbService Area\u00a0\u00bb _builder_version=\u00a0\u00bb3.25&Prime; custom_margin=\u00a0\u00bb0px|||\u00a0\u00bb custom_padding=\u00a0\u00bb0px|||\u00a0\u00bb][et_pb_column type=\u00a0\u00bb4_4&Prime; _builder_version=\u00a0\u00bb3.25&Prime; custom_padding=\u00a0\u00bb|||\u00a0\u00bb custom_padding__hover=\u00a0\u00bb|||\u00a0\u00bb][et_pb_text admin_label=\u00a0\u00bbTitle\u00a0\u00bb _builder_version=\u00a0\u00bb3.27.4&Prime; header_text_color=\u00a0\u00bb#333333&Prime; header_2_font=\u00a0\u00bbPrata||||||||\u00a0\u00bb header_2_text_align=\u00a0\u00bbcenter\u00a0\u00bb header_2_font_size=\u00a0\u00bb48px\u00a0\u00bb header_2_line_height=\u00a0\u00bb1.6em\u00a0\u00bb text_orientation=\u00a0\u00bbcenter\u00a0\u00bb module_alignment=\u00a0\u00bbcenter\u00a0\u00bb custom_margin=\u00a0\u00bb||10px|\u00a0\u00bb custom_padding=\u00a0\u00bb|||\u00a0\u00bb animation_style=\u00a0\u00bbfade\u00a0\u00bb header_2_font_size_tablet=\u00a0\u00bb40px\u00a0\u00bb header_2_font_size_phone=\u00a0\u00bb\u00a0\u00bb header_2_font_size_last_edited=\u00a0\u00bbon|tablet\u00a0\u00bb]<\/p>\n<h3><a class=\"dropdown-toggle\" title=\"Les Avocats - Sena e Tarchini\" role=\"button\" data-toggle=\"dropdown\" aria-haspopup=\"true\" aria-expanded=\"true\">\u00a0Avocats\u00a0<\/a><\/h3>\n<p>[\/et_pb_text][et_pb_divider color=\u00a0\u00bb#b57d88&Prime; divider_position=\u00a0\u00bbcenter\u00a0\u00bb divider_weight=\u00a0\u00bb2px\u00a0\u00bb _builder_version=\u00a0\u00bb3.19.4&Prime; max_width=\u00a0\u00bb70px\u00a0\u00bb module_alignment=\u00a0\u00bbcenter\u00a0\u00bb animation_style=\u00a0\u00bbslide\u00a0\u00bb animation_direction=\u00a0\u00bbtop\u00a0\u00bb animation_intensity_slide=\u00a0\u00bb10%\u00a0\u00bb animation_starting_opacity=\u00a0\u00bb100%\u00a0\u00bb locked=\u00a0\u00bboff\u00a0\u00bb][\/et_pb_divider][\/et_pb_column][\/et_pb_row][et_pb_row column_structure=\u00a0\u00bb1_3,1_3,1_3&Prime; admin_label=\u00a0\u00bbService Area\u00a0\u00bb _builder_version=\u00a0\u00bb3.25&Prime; custom_margin=\u00a0\u00bb0px||0px|\u00a0\u00bb custom_margin_tablet=\u00a0\u00bb\u00a0\u00bb custom_margin_phone=\u00a0\u00bb\u00a0\u00bb custom_margin_last_edited=\u00a0\u00bbon|desktop\u00a0\u00bb custom_padding=\u00a0\u00bb0px||0px|\u00a0\u00bb][et_pb_column type=\u00a0\u00bb1_3&Prime; _builder_version=\u00a0\u00bb3.25&Prime; custom_padding=\u00a0\u00bb|||\u00a0\u00bb custom_padding__hover=\u00a0\u00bb|||\u00a0\u00bb][et_pb_blurb title=\u00a0\u00bbAvv. Prof. Giuseppe Sena\u00a0\u00bb image=\u00a0\u00bbhttps:\/\/senaiplaw.com\/wp-content\/uploads\/2019\/02\/marchio.svg\u00a0\u00bb content_max_width=\u00a0\u00bb300px\u00a0\u00bb admin_label=\u00a0\u00bbAvv. Prof. Giuseppe Sena\u00a0\u00bb _builder_version=\u00a0\u00bb4.8.1&Prime; header_text_color=\u00a0\u00bb#a42229&Prime; header_font_size=\u00a0\u00bb20px\u00a0\u00bb header_line_height=\u00a0\u00bb1.8em\u00a0\u00bb body_font_size=\u00a0\u00bb16px\u00a0\u00bb body_line_height=\u00a0\u00bb1.8em\u00a0\u00bb text_orientation=\u00a0\u00bbcenter\u00a0\u00bb animation_style=\u00a0\u00bbfade\u00a0\u00bb link_option_url=\u00a0\u00bb\/fr\/gli-avvocati\/giuseppe-sena\/\u00a0\u00bb custom_css_blurb_image=\u00a0\u00bbmax-height:40px;\u00a0\u00bb][\/et_pb_blurb][\/et_pb_column][et_pb_column type=\u00a0\u00bb1_3&Prime; _builder_version=\u00a0\u00bb3.25&Prime; custom_padding=\u00a0\u00bb|||\u00a0\u00bb custom_padding__hover=\u00a0\u00bb|||\u00a0\u00bb][et_pb_blurb title=\u00a0\u00bbAvv. Giancarlo Del Corno\u00a0\u00bb image=\u00a0\u00bbhttps:\/\/senaiplaw.com\/wp-content\/uploads\/2019\/02\/marchio.svg\u00a0\u00bb content_max_width=\u00a0\u00bb300px\u00a0\u00bb admin_label=\u00a0\u00bbGiancarlo Del Corno\u00a0\u00bb _builder_version=\u00a0\u00bb4.8.1&Prime; header_text_color=\u00a0\u00bb#a42229&Prime; header_font_size=\u00a0\u00bb20px\u00a0\u00bb header_line_height=\u00a0\u00bb1.8em\u00a0\u00bb body_font_size=\u00a0\u00bb16px\u00a0\u00bb body_line_height=\u00a0\u00bb1.8em\u00a0\u00bb text_orientation=\u00a0\u00bbcenter\u00a0\u00bb animation_style=\u00a0\u00bbfade\u00a0\u00bb link_option_url=\u00a0\u00bb\/fr\/gli-avvocati\/giancarlo-del-corno\/\u00a0\u00bb custom_css_blurb_image=\u00a0\u00bbmax-height:40px;\u00a0\u00bb]<\/p>\n<p>Iscritto all\u2019Albo degli Avvocati di Milano dal 1991 ed all\u2019Albo speciale della Cassazione dal 2004. \u00a0<\/p>\n<p>[\/et_pb_blurb][\/et_pb_column][et_pb_column type=\u00a0\u00bb1_3&Prime; _builder_version=\u00a0\u00bb3.25&Prime; custom_padding=\u00a0\u00bb|||\u00a0\u00bb custom_padding__hover=\u00a0\u00bb|||\u00a0\u00bb][et_pb_blurb title=\u00a0\u00bbAvv. Francesca La Rocca Sena\u00a0\u00bb image=\u00a0\u00bbhttps:\/\/senaiplaw.com\/wp-content\/uploads\/2019\/02\/idee.svg\u00a0\u00bb content_max_width=\u00a0\u00bb300px\u00a0\u00bb admin_label=\u00a0\u00bbFrancesca La Rocca\u00a0\u00bb _builder_version=\u00a0\u00bb4.8.1&Prime; header_text_color=\u00a0\u00bb#a42229&Prime; header_font_size=\u00a0\u00bb20px\u00a0\u00bb header_line_height=\u00a0\u00bb1.8em\u00a0\u00bb body_font_size=\u00a0\u00bb16px\u00a0\u00bb body_line_height=\u00a0\u00bb1.8em\u00a0\u00bb text_orientation=\u00a0\u00bbcenter\u00a0\u00bb animation_style=\u00a0\u00bbfade\u00a0\u00bb link_option_url=\u00a0\u00bb\/fr\/gli-avvocati\/francesca-la-rocca\/\u00a0\u00bb locked=\u00a0\u00bboff\u00a0\u00bb]<\/p>\n<p>Iscritta all\u2019Albo degli Avvocati di Milano dal 2014. \u00a0<\/p>\n<p>[\/et_pb_blurb][\/et_pb_column][\/et_pb_row][et_pb_row column_structure=\u00a0\u00bb1_3,1_3,1_3&Prime; admin_label=\u00a0\u00bbService Area\u00a0\u00bb _builder_version=\u00a0\u00bb3.25&Prime; custom_margin=\u00a0\u00bb0px||0px|\u00a0\u00bb custom_padding=\u00a0\u00bb0px||0px|\u00a0\u00bb][et_pb_column type=\u00a0\u00bb1_3&Prime; _builder_version=\u00a0\u00bb3.25&Prime; custom_padding=\u00a0\u00bb|||\u00a0\u00bb custom_padding__hover=\u00a0\u00bb|||\u00a0\u00bb][et_pb_blurb title=\u00a0\u00bbAvv. Elisabetta Berti Arnoaldi Veli\u00a0\u00bb image=\u00a0\u00bbhttps:\/\/senaiplaw.com\/wp-content\/uploads\/2019\/02\/idee.svg\u00a0\u00bb content_max_width=\u00a0\u00bb300px\u00a0\u00bb admin_label=\u00a0\u00bbElisabetta Berti Arnoaldi Veli\u00a0\u00bb _builder_version=\u00a0\u00bb4.8.1&Prime; header_text_color=\u00a0\u00bb#a42229&Prime; header_font_size=\u00a0\u00bb20px\u00a0\u00bb header_line_height=\u00a0\u00bb1.8em\u00a0\u00bb body_font_size=\u00a0\u00bb16px\u00a0\u00bb body_line_height=\u00a0\u00bb1.8em\u00a0\u00bb text_orientation=\u00a0\u00bbcenter\u00a0\u00bb animation_style=\u00a0\u00bbfade\u00a0\u00bb link_option_url=\u00a0\u00bb\/fr\/gli-avvocati\/elisabetta-berti-arnoaldi-veli\/\u00a0\u00bb locked=\u00a0\u00bboff\u00a0\u00bb]<\/p>\n<p>\nIscritta all\u2019Albo degli Avvocati di Bologna dal 1990 ed all\u2019Albo speciale della Cassazione dal 2003.<\/p>\n<p>&nbsp;<\/p>\n<p>[\/et_pb_blurb][\/et_pb_column][et_pb_column type=\u00a0\u00bb1_3&Prime; _builder_version=\u00a0\u00bb3.25&Prime; custom_padding=\u00a0\u00bb|||\u00a0\u00bb custom_padding__hover=\u00a0\u00bb|||\u00a0\u00bb][et_pb_blurb title=\u00a0\u00bbAvv. Paola Tarchini\u00a0\u00bb image=\u00a0\u00bbhttps:\/\/senaiplaw.com\/wp-content\/uploads\/2019\/02\/autori.svg\u00a0\u00bb content_max_width=\u00a0\u00bb300px\u00a0\u00bb admin_label=\u00a0\u00bbAvv. Paola Tarchini\u00a0\u00bb _builder_version=\u00a0\u00bb3.20.1&Prime; header_text_color=\u00a0\u00bb#a42229&Prime; header_font_size=\u00a0\u00bb20px\u00a0\u00bb header_line_height=\u00a0\u00bb1.8em\u00a0\u00bb body_font_size=\u00a0\u00bb16px\u00a0\u00bb body_line_height=\u00a0\u00bb1.8em\u00a0\u00bb text_orientation=\u00a0\u00bbcenter\u00a0\u00bb animation_style=\u00a0\u00bbfade\u00a0\u00bb link_option_url=\u00a0\u00bb\/fr\/gli-avvocati\/paola-tarchini\/\u00a0\u00bb locked=\u00a0\u00bboff\u00a0\u00bb][\/et_pb_blurb][\/et_pb_column][et_pb_column type=\u00a0\u00bb1_3&Prime; _builder_version=\u00a0\u00bb3.25&Prime; custom_padding=\u00a0\u00bb|||\u00a0\u00bb custom_padding__hover=\u00a0\u00bb|||\u00a0\u00bb][et_pb_blurb title=\u00a0\u00bbAvv. Claudio Maria Furlani\u00a0\u00bb image=\u00a0\u00bbhttps:\/\/senaiplaw.com\/wp-content\/uploads\/2019\/02\/autori.svg\u00a0\u00bb content_max_width=\u00a0\u00bb300px\u00a0\u00bb admin_label=\u00a0\u00bbClaudio Maria Furlani\u00a0\u00bb _builder_version=\u00a0\u00bb4.8.1&Prime; header_text_color=\u00a0\u00bb#a42229&Prime; header_font_size=\u00a0\u00bb20px\u00a0\u00bb header_line_height=\u00a0\u00bb1.8em\u00a0\u00bb body_font_size=\u00a0\u00bb16px\u00a0\u00bb body_line_height=\u00a0\u00bb1.8em\u00a0\u00bb text_orientation=\u00a0\u00bbcenter\u00a0\u00bb animation_style=\u00a0\u00bbfade\u00a0\u00bb link_option_url=\u00a0\u00bb\/fr\/gli-avvocati\/claudio-maria-furlani\/\u00a0\u00bb locked=\u00a0\u00bboff\u00a0\u00bb]<\/p>\n<p>Iscritto all\u2019Albo degli Avvocati di Milano dal 2008. \u00a0<\/p>\n<p>[\/et_pb_blurb][\/et_pb_column][\/et_pb_row][et_pb_row column_structure=\u00a0\u00bb1_2,1_2&Prime; admin_label=\u00a0\u00bbService Area\u00a0\u00bb _builder_version=\u00a0\u00bb3.25&Prime; custom_margin=\u00a0\u00bb0px||0px|\u00a0\u00bb custom_padding=\u00a0\u00bb0px||0px|\u00a0\u00bb][et_pb_column type=\u00a0\u00bb1_2&Prime; _builder_version=\u00a0\u00bb3.25&Prime; custom_padding=\u00a0\u00bb|||\u00a0\u00bb custom_padding__hover=\u00a0\u00bb|||\u00a0\u00bb][\/et_pb_column][et_pb_column type=\u00a0\u00bb1_2&Prime; _builder_version=\u00a0\u00bb3.25&Prime; custom_padding=\u00a0\u00bb|||\u00a0\u00bb custom_padding__hover=\u00a0\u00bb|||\u00a0\u00bb][\/et_pb_column][\/et_pb_row][\/et_pb_section]<\/p>\n","protected":false},"excerpt":{"rendered":"<p>Avv. Giancarlo Del Corno Partner gdelcorno@senaiplaw.com Dipl\u00f4m\u00e9 en 1985 \u00e0 l&rsquo;Universit\u00e9 de Milan.Il a rejoint le Studio Legale Sena e Tarchini en 1985. Il est inscrit au Barreau de Milan depuis 1991 et habilit\u00e9 \u00e0 plaider devant la Cour de Cassation depuis 2004.De 1985 \u00e0 2005 Expert en Droit Industriel \u00e0 l&rsquo;Universit\u00e9 de Milan, Chaire [&hellip;]<\/p>\n","protected":false},"author":2,"featured_media":0,"parent":935,"menu_order":0,"comment_status":"closed","ping_status":"closed","template":"","meta":{"_et_pb_use_builder":"on","_et_pb_old_content":"","_et_gb_content_width":""},"yoast_head":"<!-- This site is optimized with the Yoast SEO plugin v18.2 - https:\/\/yoast.com\/wordpress\/plugins\/seo\/ -->\n<title>Giancarlo Del Corno - Sena &amp; Partners<\/title>\n<meta name=\"robots\" content=\"index, follow, max-snippet:-1, max-image-preview:large, max-video-preview:-1\" \/>\n<link rel=\"canonical\" href=\"https:\/\/senaiplaw.com\/fr\/gli-avvocati\/giancarlo-del-corno\/\" \/>\n<meta property=\"og:locale\" content=\"fr_FR\" \/>\n<meta property=\"og:type\" content=\"article\" \/>\n<meta property=\"og:title\" content=\"Giancarlo Del Corno - Sena &amp; Partners\" \/>\n<meta property=\"og:description\" content=\"Avv. Giancarlo Del Corno Partner gdelcorno@senaiplaw.com Dipl\u00f4m\u00e9 en 1985 \u00e0 l&#039;Universit\u00e9 de Milan.Il a rejoint le Studio Legale Sena e Tarchini en 1985. Il est inscrit au Barreau de Milan depuis 1991 et habilit\u00e9 \u00e0 plaider devant la Cour de Cassation depuis 2004.De 1985 \u00e0 2005 Expert en Droit Industriel \u00e0 l&#039;Universit\u00e9 de Milan, Chaire [&hellip;]\" \/>\n<meta property=\"og:url\" content=\"https:\/\/senaiplaw.com\/fr\/gli-avvocati\/giancarlo-del-corno\/\" \/>\n<meta property=\"og:site_name\" content=\"Sena &amp; Partners\" \/>\n<meta property=\"article:modified_time\" content=\"2021-01-19T11:28:36+00:00\" \/>\n<meta property=\"og:image\" content=\"https:\/\/senaiplaw.com\/wp-content\/uploads\/2021\/01\/Sena.jpg\" \/>\n\t<meta property=\"og:image:width\" content=\"1200\" \/>\n\t<meta property=\"og:image:height\" content=\"1200\" \/>\n\t<meta property=\"og:image:type\" content=\"image\/jpeg\" \/>\n<meta name=\"twitter:card\" content=\"summary_large_image\" \/>\n<meta name=\"twitter:label1\" content=\"Dur\u00e9e de lecture estim\u00e9e\" \/>\n\t<meta name=\"twitter:data1\" content=\"6 minutes\" \/>\n<script type=\"application\/ld+json\" class=\"yoast-schema-graph\">{\"@context\":\"https:\/\/schema.org\",\"@graph\":[{\"@type\":\"Organization\",\"@id\":\"https:\/\/senaiplaw.com\/#organization\",\"name\":\"Studio Sena & Partners\",\"url\":\"https:\/\/senaiplaw.com\/\",\"sameAs\":[],\"logo\":{\"@type\":\"ImageObject\",\"@id\":\"https:\/\/senaiplaw.com\/#logo\",\"inLanguage\":\"fr-FR\",\"url\":\"https:\/\/senaiplaw.com\/wp-content\/uploads\/2021\/01\/SenaPartners.svg\",\"contentUrl\":\"https:\/\/senaiplaw.com\/wp-content\/uploads\/2021\/01\/SenaPartners.svg\",\"width\":448,\"height\":34,\"caption\":\"Studio Sena & Partners\"},\"image\":{\"@id\":\"https:\/\/senaiplaw.com\/#logo\"}},{\"@type\":\"WebSite\",\"@id\":\"https:\/\/senaiplaw.com\/#website\",\"url\":\"https:\/\/senaiplaw.com\/\",\"name\":\"Sena &amp; Partners\",\"description\":\"Studio legale\",\"publisher\":{\"@id\":\"https:\/\/senaiplaw.com\/#organization\"},\"potentialAction\":[{\"@type\":\"SearchAction\",\"target\":{\"@type\":\"EntryPoint\",\"urlTemplate\":\"https:\/\/senaiplaw.com\/?s={search_term_string}\"},\"query-input\":\"required name=search_term_string\"}],\"inLanguage\":\"fr-FR\"},{\"@type\":\"WebPage\",\"@id\":\"https:\/\/senaiplaw.com\/fr\/gli-avvocati\/giancarlo-del-corno\/#webpage\",\"url\":\"https:\/\/senaiplaw.com\/fr\/gli-avvocati\/giancarlo-del-corno\/\",\"name\":\"Giancarlo Del Corno - Sena &amp; Partners\",\"isPartOf\":{\"@id\":\"https:\/\/senaiplaw.com\/#website\"},\"datePublished\":\"2019-03-14T10:55:40+00:00\",\"dateModified\":\"2021-01-19T11:28:36+00:00\",\"breadcrumb\":{\"@id\":\"https:\/\/senaiplaw.com\/fr\/gli-avvocati\/giancarlo-del-corno\/#breadcrumb\"},\"inLanguage\":\"fr-FR\",\"potentialAction\":[{\"@type\":\"ReadAction\",\"target\":[\"https:\/\/senaiplaw.com\/fr\/gli-avvocati\/giancarlo-del-corno\/\"]}]},{\"@type\":\"BreadcrumbList\",\"@id\":\"https:\/\/senaiplaw.com\/fr\/gli-avvocati\/giancarlo-del-corno\/#breadcrumb\",\"itemListElement\":[{\"@type\":\"ListItem\",\"position\":1,\"name\":\"Home\",\"item\":\"https:\/\/www.senaiplaw.com\/fr\/\"},{\"@type\":\"ListItem\",\"position\":2,\"name\":\"Gli avvocati\",\"item\":\"https:\/\/www.senaiplaw.com\/fr\/gli-avvocati\/\"},{\"@type\":\"ListItem\",\"position\":3,\"name\":\"Giancarlo Del Corno\"}]}]}<\/script>\n<!-- \/ Yoast SEO plugin. -->","yoast_head_json":{"title":"Giancarlo Del Corno - Sena &amp; Partners","robots":{"index":"index","follow":"follow","max-snippet":"max-snippet:-1","max-image-preview":"max-image-preview:large","max-video-preview":"max-video-preview:-1"},"canonical":"https:\/\/senaiplaw.com\/fr\/gli-avvocati\/giancarlo-del-corno\/","og_locale":"fr_FR","og_type":"article","og_title":"Giancarlo Del Corno - Sena &amp; Partners","og_description":"Avv. Giancarlo Del Corno Partner gdelcorno@senaiplaw.com Dipl\u00f4m\u00e9 en 1985 \u00e0 l'Universit\u00e9 de Milan.Il a rejoint le Studio Legale Sena e Tarchini en 1985. Il est inscrit au Barreau de Milan depuis 1991 et habilit\u00e9 \u00e0 plaider devant la Cour de Cassation depuis 2004.De 1985 \u00e0 2005 Expert en Droit Industriel \u00e0 l'Universit\u00e9 de Milan, Chaire [&hellip;]","og_url":"https:\/\/senaiplaw.com\/fr\/gli-avvocati\/giancarlo-del-corno\/","og_site_name":"Sena &amp; Partners","article_modified_time":"2021-01-19T11:28:36+00:00","og_image":[{"width":1200,"height":1200,"url":"https:\/\/senaiplaw.com\/wp-content\/uploads\/2021\/01\/Sena.jpg","type":"image\/jpeg"}],"twitter_card":"summary_large_image","twitter_misc":{"Dur\u00e9e de lecture estim\u00e9e":"6 minutes"},"schema":{"@context":"https:\/\/schema.org","@graph":[{"@type":"Organization","@id":"https:\/\/senaiplaw.com\/#organization","name":"Studio Sena & Partners","url":"https:\/\/senaiplaw.com\/","sameAs":[],"logo":{"@type":"ImageObject","@id":"https:\/\/senaiplaw.com\/#logo","inLanguage":"fr-FR","url":"https:\/\/senaiplaw.com\/wp-content\/uploads\/2021\/01\/SenaPartners.svg","contentUrl":"https:\/\/senaiplaw.com\/wp-content\/uploads\/2021\/01\/SenaPartners.svg","width":448,"height":34,"caption":"Studio Sena & Partners"},"image":{"@id":"https:\/\/senaiplaw.com\/#logo"}},{"@type":"WebSite","@id":"https:\/\/senaiplaw.com\/#website","url":"https:\/\/senaiplaw.com\/","name":"Sena &amp; Partners","description":"Studio legale","publisher":{"@id":"https:\/\/senaiplaw.com\/#organization"},"potentialAction":[{"@type":"SearchAction","target":{"@type":"EntryPoint","urlTemplate":"https:\/\/senaiplaw.com\/?s={search_term_string}"},"query-input":"required name=search_term_string"}],"inLanguage":"fr-FR"},{"@type":"WebPage","@id":"https:\/\/senaiplaw.com\/fr\/gli-avvocati\/giancarlo-del-corno\/#webpage","url":"https:\/\/senaiplaw.com\/fr\/gli-avvocati\/giancarlo-del-corno\/","name":"Giancarlo Del Corno - Sena &amp; Partners","isPartOf":{"@id":"https:\/\/senaiplaw.com\/#website"},"datePublished":"2019-03-14T10:55:40+00:00","dateModified":"2021-01-19T11:28:36+00:00","breadcrumb":{"@id":"https:\/\/senaiplaw.com\/fr\/gli-avvocati\/giancarlo-del-corno\/#breadcrumb"},"inLanguage":"fr-FR","potentialAction":[{"@type":"ReadAction","target":["https:\/\/senaiplaw.com\/fr\/gli-avvocati\/giancarlo-del-corno\/"]}]},{"@type":"BreadcrumbList","@id":"https:\/\/senaiplaw.com\/fr\/gli-avvocati\/giancarlo-del-corno\/#breadcrumb","itemListElement":[{"@type":"ListItem","position":1,"name":"Home","item":"https:\/\/www.senaiplaw.com\/fr\/"},{"@type":"ListItem","position":2,"name":"Gli avvocati","item":"https:\/\/www.senaiplaw.com\/fr\/gli-avvocati\/"},{"@type":"ListItem","position":3,"name":"Giancarlo Del Corno"}]}]}},"_links":{"self":[{"href":"https:\/\/senaiplaw.com\/fr\/wp-json\/wp\/v2\/pages\/1335"}],"collection":[{"href":"https:\/\/senaiplaw.com\/fr\/wp-json\/wp\/v2\/pages"}],"about":[{"href":"https:\/\/senaiplaw.com\/fr\/wp-json\/wp\/v2\/types\/page"}],"author":[{"embeddable":true,"href":"https:\/\/senaiplaw.com\/fr\/wp-json\/wp\/v2\/users\/2"}],"replies":[{"embeddable":true,"href":"https:\/\/senaiplaw.com\/fr\/wp-json\/wp\/v2\/comments?post=1335"}],"version-history":[{"count":3,"href":"https:\/\/senaiplaw.com\/fr\/wp-json\/wp\/v2\/pages\/1335\/revisions"}],"predecessor-version":[{"id":2552,"href":"https:\/\/senaiplaw.com\/fr\/wp-json\/wp\/v2\/pages\/1335\/revisions\/2552"}],"up":[{"embeddable":true,"href":"https:\/\/senaiplaw.com\/fr\/wp-json\/wp\/v2\/pages\/935"}],"wp:attachment":[{"href":"https:\/\/senaiplaw.com\/fr\/wp-json\/wp\/v2\/media?parent=1335"}],"curies":[{"name":"wp","href":"https:\/\/api.w.org\/{rel}","templated":true}]}}